{"id":1530,"date":"2023-12-07T21:22:50","date_gmt":"2023-12-07T21:22:50","guid":{"rendered":"https:\/\/manuales.electoralexperts.mx\/?page_id=1530"},"modified":"2025-12-04T19:52:25","modified_gmt":"2025-12-04T19:52:25","slug":"elementor-1530","status":"publish","type":"page","link":"https:\/\/manuales.electoralexperts.mx\/","title":{"rendered":"Inicio"},"content":{"rendered":"\t\t<div data-elementor-type=\"wp-page\" data-elementor-id=\"1530\" class=\"elementor elementor-1530\">\n\t\t\t\t\t\t\t<div class=\"elementor-element elementor-element-257f173 e-flex e-con-boxed wpr-particle-no wpr-jarallax-no wpr-parallax-no wpr-sticky-section-no e-con e-parent\" data-id=\"257f173\" data-element_type=\"container\" data-settings=\"{&quot;background_background&quot;:&quot;classic&quot;,&quot;content_width&quot;:&quot;boxed&quot;}\" data-core-v316-plus=\"true\">\n\t\t\t\t\t<div class=\"e-con-inner\">\n\t\t\t\t<div class=\"elementor-element elementor-element-f32f907 elementor-widget elementor-widget-heading\" data-id=\"f32f907\" data-element_type=\"widget\" data-widget_type=\"heading.default\">\n\t\t\t\t<div class=\"elementor-widget-container\">\n\t\t\t<style>\/*! elementor - v3.18.0 - 04-12-2023 *\/\n.elementor-heading-title{padding:0;margin:0;line-height:1}.elementor-widget-heading .elementor-heading-title[class*=elementor-size-]>a{color:inherit;font-size:inherit;line-height:inherit}.elementor-widget-heading .elementor-heading-title.elementor-size-small{font-size:15px}.elementor-widget-heading .elementor-heading-title.elementor-size-medium{font-size:19px}.elementor-widget-heading .elementor-heading-title.elementor-size-large{font-size:29px}.elementor-widget-heading .elementor-heading-title.elementor-size-xl{font-size:39px}.elementor-widget-heading .elementor-heading-title.elementor-size-xxl{font-size:59px}<\/style><h2 class=\"elementor-heading-title elementor-size-default\">\u00a1Bienvenidos al Portal de Manuales Electr\u00f3nicos del PAN en Baja California Sur!<\/h2>\t\t<\/div>\n\t\t\t\t<\/div>\n\t\t\t\t<div class=\"elementor-element elementor-element-669563b elementor-widget elementor-widget-text-editor\" data-id=\"669563b\" data-element_type=\"widget\" data-widget_type=\"text-editor.default\">\n\t\t\t\t<div class=\"elementor-widget-container\">\n\t\t\t<style>\/*! elementor - v3.18.0 - 04-12-2023 *\/\n.elementor-widget-text-editor.elementor-drop-cap-view-stacked .elementor-drop-cap{background-color:#69727d;color:#fff}.elementor-widget-text-editor.elementor-drop-cap-view-framed .elementor-drop-cap{color:#69727d;border:3px solid;background-color:transparent}.elementor-widget-text-editor:not(.elementor-drop-cap-view-default) .elementor-drop-cap{margin-top:8px}.elementor-widget-text-editor:not(.elementor-drop-cap-view-default) .elementor-drop-cap-letter{width:1em;height:1em}.elementor-widget-text-editor .elementor-drop-cap{float:left;text-align:center;line-height:1;font-size:50px}.elementor-widget-text-editor .elementor-drop-cap-letter{display:inline-block}<\/style>\t\t\t\t<p>Haz click en &#8220;Acceder&#8221; para consultar tu tema de inter\u00e9s.<\/p>\t\t\t\t\t\t<\/div>\n\t\t\t\t<\/div>\n\t\t\t\t\t<\/div>\n\t\t\t\t<\/div>\n\t\t<div class=\"elementor-element elementor-element-768e670 e-flex e-con-boxed wpr-particle-no wpr-jarallax-no wpr-parallax-no wpr-sticky-section-no e-con e-parent\" data-id=\"768e670\" data-element_type=\"container\" data-settings=\"{&quot;content_width&quot;:&quot;boxed&quot;}\" data-core-v316-plus=\"true\">\n\t\t\t\t\t<div class=\"e-con-inner\">\n\t\t\t\t<div class=\"elementor-element elementor-element-99e5e9b elementor-widget elementor-widget-text-editor\" data-id=\"99e5e9b\" data-element_type=\"widget\" data-widget_type=\"text-editor.default\">\n\t\t\t\t<div class=\"elementor-widget-container\">\n\t\t\t\t\t\t\t<p>Aqu\u00ed encontrar\u00e1s una gu\u00eda completa y accesible para entender y explorar lo que significa ser ciudadano en M\u00e9xico. Nos hemos dedicado a desarrollar secciones pensadas especialmente para ti, donde podr\u00e1s descubrir desde c\u00f3mo se cultiva la ciudadan\u00eda en los mexicanos, hasta el impacto de la inclusi\u00f3n en la vida pol\u00edtica. Acomp\u00e1\u00f1anos en un recorrido por las nuevas formas de participaci\u00f3n pol\u00edtica, conoce cu\u00e1nto inter\u00e9s tienen los mexicanos en la pol\u00edtica y c\u00f3mo la era digital transforma la interacci\u00f3n entre ciudadanos y gobierno. Adem\u00e1s, abordamos la participaci\u00f3n pol\u00edtica enfocada en los derechos humanos, porque creemos en una ciudadan\u00eda activa y comprometida con la sociedad.<\/p><h4 align=\"center\"><b><u>Explora, aprende y participa: \u00a1este portal es tuyo!<\/u><\/b><\/h4>\t\t\t\t\t\t<\/div>\n\t\t\t\t<\/div>\n\t\t\t\t\t<\/div>\n\t\t\t\t<\/div>\n\t\t<div class=\"elementor-element elementor-element-a58d41d e-flex e-con-boxed wpr-particle-no wpr-jarallax-no wpr-parallax-no wpr-sticky-section-no e-con e-parent\" data-id=\"a58d41d\" data-element_type=\"container\" data-settings=\"{&quot;content_width&quot;:&quot;boxed&quot;}\" data-core-v316-plus=\"true\">\n\t\t\t\t\t<div class=\"e-con-inner\">\n\t\t\t\t<div class=\"elementor-element elementor-element-aea46d4 elementor-widget elementor-widget-prime-slider-pagepiling\" data-id=\"aea46d4\" data-element_type=\"widget\" data-widget_type=\"prime-slider-pagepiling.default\">\n\t\t\t\t<div class=\"elementor-widget-container\">\n\t\t\t\t\t<div class=\"bdt-pagepiling-slider\" data-settings=\"{&quot;scrollingSpeed&quot;:700,&quot;loopBottom&quot;:true,&quot;loopTop&quot;:true}\" id=\"bdt-aea46d4\">\n\n\t\t\t\t\t\t\t\t    \n\t\t\t\t<div class=\"section elementor-repeater-item-aa49265\" id=\"section-aa49265\" style=\"background-image: url('https:\/\/manuales.electoralexperts.mx\/wp-content\/uploads\/2024\/10\/contemplation-deep-in-thought-observation-3864457.jpg');\">\n\n\t\t\t\t\t\t\t<div class=\"bdt-prime-slider-content\">\n\t\t\t<div data-bdt-slideshow-parallax=\"y: 150,0,-100; opacity: 1,1,0\">\n\t\t\t\t\t\t\t<\/div>\n\n\t\t\t\t\t\t\t<div class=\"bdt-sub-title\">\n\t\t\t\t\t<h4 class=\"bdt-sub-title-tag\" data-bdt-slideshow-parallax=\"y: 50,0,-50; opacity: 1,1,0\">\n\t\t\t\t\t\tGUIAS INTERACTIVAS\t\t\t\t\t<\/h4>\n\t\t\t\t<\/div>\n\t\t\t\n\t\t\t\t\t\t\t<div class=\"bdt-main-title\">\n\t\t\t\t\t<h1 class=\"bdt-title-tag\"  data-bdt-slideshow-parallax=\"y: 50,0,-50; opacity: 1,1,0\">\n\t\t\t\t\t\t\t\t\t\t\t\t\t<a href=\"https:\/\/manuales.electoralexperts.mx\/index.php\/ciudadano\/\">\n\t\t\t\t\t\t\t\t\t\t\t\t\t\t<span class=\"frist-word\">\u00bfC\u00f3mo<\/span> se define a un ciudadano?\t\t\t\t\t\t\t\t\t\t\t\t\t\t<\/a>\n\t\t\t\t\t\t\t\t\t\t\t<\/h1>\n\t\t\t\t<\/div>\n\t\t\t\n\t\t\t\n\t\t\t<div data-bdt-slideshow-parallax=\"y: 150,0,-100; opacity: 1,1,0\">\n\t\t\t\t\n\t\t\n\t\t\t<a class=\"bdt-slide-btn\" href=\"#\">\n\n\t\t\t\t<span class=\"bdt-button-circle\" aria-hidden=\"true\">\n\t\t\t\t\t<span class=\"icon arrow\"><\/span>\n\t\t\t\t<\/span>\n\t\t\t\t<span class=\"bdt-button-text\">\n\t\t\t\t\tACCEDER\t\t\t\t<\/span>\n\n\t\t\t<\/a>\n\n\t\t\t\n\t\t\t\t\t<\/div>\n\t\t<\/div>\n\n        \n\t\t\t\t\t<div class=\"bdt-ps-overlay\"><\/div>\n\t\t\t\t<\/div>\n\n\t\t\t\t\t\t\t\t    \n\t\t\t\t<div class=\"section elementor-repeater-item-bbed8fe\" id=\"section-bbed8fe\" style=\"background-image: url('https:\/\/manuales.electoralexperts.mx\/wp-content\/uploads\/2024\/10\/mexico-mexico-city-palace-2014178.jpg');\">\n\n\t\t\t\t\t\t\t<div class=\"bdt-prime-slider-content\">\n\t\t\t<div data-bdt-slideshow-parallax=\"y: 150,0,-100; opacity: 1,1,0\">\n\t\t\t\t\t\t\t<\/div>\n\n\t\t\t\t\t\t\t<div class=\"bdt-sub-title\">\n\t\t\t\t\t<h4 class=\"bdt-sub-title-tag\" data-bdt-slideshow-parallax=\"y: 50,0,-50; opacity: 1,1,0\">\n\t\t\t\t\t\tGUIAS INTERACTIVAS\t\t\t\t\t<\/h4>\n\t\t\t\t<\/div>\n\t\t\t\n\t\t\t\t\t\t\t<div class=\"bdt-main-title\">\n\t\t\t\t\t<h1 class=\"bdt-title-tag\"  data-bdt-slideshow-parallax=\"y: 50,0,-50; opacity: 1,1,0\">\n\t\t\t\t\t\t\t\t\t\t\t\t\t<a href=\"https:\/\/manuales.electoralexperts.mx\/index.php\/democracia\/\">\n\t\t\t\t\t\t\t\t\t\t\t\t\t\t<span class=\"frist-word\">Nuevas<\/span> formas de participar en la democracia mexicana\t\t\t\t\t\t\t\t\t\t\t\t\t\t<\/a>\n\t\t\t\t\t\t\t\t\t\t\t<\/h1>\n\t\t\t\t<\/div>\n\t\t\t\n\t\t\t\n\t\t\t<div data-bdt-slideshow-parallax=\"y: 150,0,-100; opacity: 1,1,0\">\n\t\t\t\t\n\t\t\n\t\t\t<a class=\"bdt-slide-btn\" href=\"#\">\n\n\t\t\t\t<span class=\"bdt-button-circle\" aria-hidden=\"true\">\n\t\t\t\t\t<span class=\"icon arrow\"><\/span>\n\t\t\t\t<\/span>\n\t\t\t\t<span class=\"bdt-button-text\">\n\t\t\t\t\tACCEDER\t\t\t\t<\/span>\n\n\t\t\t<\/a>\n\n\t\t\t\n\t\t\t\t\t<\/div>\n\t\t<\/div>\n\n        \n\t\t\t\t\t<div class=\"bdt-ps-overlay\"><\/div>\n\t\t\t\t<\/div>\n\n\t\t\t\t\t\t\t\t    \n\t\t\t\t<div class=\"section elementor-repeater-item-f267c3f\" id=\"section-f267c3f\" style=\"background-image: url('https:\/\/manuales.electoralexperts.mx\/wp-content\/uploads\/2024\/10\/coffee-cup-computer-7567749.jpg');\">\n\n\t\t\t\t\t\t\t<div class=\"bdt-prime-slider-content\">\n\t\t\t<div data-bdt-slideshow-parallax=\"y: 150,0,-100; opacity: 1,1,0\">\n\t\t\t\t\t\t\t<\/div>\n\n\t\t\t\t\t\t\t<div class=\"bdt-sub-title\">\n\t\t\t\t\t<h4 class=\"bdt-sub-title-tag\" data-bdt-slideshow-parallax=\"y: 50,0,-50; opacity: 1,1,0\">\n\t\t\t\t\t\tGUIAS INTERACTIVAS\t\t\t\t\t<\/h4>\n\t\t\t\t<\/div>\n\t\t\t\n\t\t\t\t\t\t\t<div class=\"bdt-main-title\">\n\t\t\t\t\t<h1 class=\"bdt-title-tag\"  data-bdt-slideshow-parallax=\"y: 50,0,-50; opacity: 1,1,0\">\n\t\t\t\t\t\t\t\t\t\t\t\t\t<span class=\"frist-word\">Participaci\u00f3n<\/span> en la pol\u00edtica digital\t\t\t\t\t\t\t\t\t\t\t\t<\/h1>\n\t\t\t\t<\/div>\n\t\t\t\n\t\t\t\n\t\t\t<div data-bdt-slideshow-parallax=\"y: 150,0,-100; opacity: 1,1,0\">\n\t\t\t\t\n\t\t\n\t\t\t<a class=\"bdt-slide-btn\" href=\"#\">\n\n\t\t\t\t<span class=\"bdt-button-circle\" aria-hidden=\"true\">\n\t\t\t\t\t<span class=\"icon arrow\"><\/span>\n\t\t\t\t<\/span>\n\t\t\t\t<span class=\"bdt-button-text\">\n\t\t\t\t\tACCEDER\t\t\t\t<\/span>\n\n\t\t\t<\/a>\n\n\t\t\t\n\t\t\t\t\t<\/div>\n\t\t<\/div>\n\n        \n\t\t\t\t\t<div class=\"bdt-ps-overlay\"><\/div>\n\t\t\t\t<\/div>\n\n\t\t\t\n\t\t\t\n\t\t<\/div>\n\t\t\t\t<\/div>\n\t\t\t\t<\/div>\n\t\t\t\t\t<\/div>\n\t\t\t\t<\/div>\n\t\t\t\t<section class=\"elementor-section elementor-top-section elementor-element elementor-element-211b5e08 elementor-section-boxed elementor-section-height-default elementor-section-height-default wpr-particle-no wpr-jarallax-no wpr-parallax-no wpr-sticky-section-no\" data-id=\"211b5e08\" data-element_type=\"section\" data-settings=\"{&quot;_ha_eqh_enable&quot;:false}\">\n\t\t\t\t\t\t<div class=\"elementor-container elementor-column-gap-default\">\n\t\t\t\t\t<div class=\"elementor-column elementor-col-33 elementor-top-column elementor-element elementor-element-57d1d8df\" data-id=\"57d1d8df\" data-element_type=\"column\">\n\t\t\t<div class=\"elementor-widget-wrap elementor-element-populated\">\n\t\t\t\t\t\t\t\t<div class=\"elementor-element elementor-element-426b7285 ha-infobox-media-dir-top elementor-widget elementor-widget-ha-infobox happy-addon ha-infobox\" data-id=\"426b7285\" data-element_type=\"widget\" data-widget_type=\"ha-infobox.default\">\n\t\t\t\t<div class=\"elementor-widget-container\">\n\t\t\t\n\t\t\t\t\t<figure class=\"ha-infobox-figure ha-infobox-figure--icon\">\n\t\t\t\t<svg aria-hidden=\"true\" class=\"e-font-icon-svg e-fas-home\" viewBox=\"0 0 576 512\" xmlns=\"http:\/\/www.w3.org\/2000\/svg\"><path d=\"M280.37 148.26L96 300.11V464a16 16 0 0 0 16 16l112.06-.29a16 16 0 0 0 15.92-16V368a16 16 0 0 1 16-16h64a16 16 0 0 1 16 16v95.64a16 16 0 0 0 16 16.05L464 480a16 16 0 0 0 16-16V300L295.67 148.26a12.19 12.19 0 0 0-15.3 0zM571.6 251.47L488 182.56V44.05a12 12 0 0 0-12-12h-56a12 12 0 0 0-12 12v72.61L318.47 43a48 48 0 0 0-61 0L4.34 251.47a12 12 0 0 0-1.6 16.9l25.5 31A12 12 0 0 0 45.15 301l235.22-193.74a12.19 12.19 0 0 1 15.3 0L530.9 301a12 12 0 0 0 16.9-1.6l25.5-31a12 12 0 0 0-1.7-16.93z\"><\/path><\/svg>\t\t\t<\/figure>\n\t\t\n\t\t<div class=\"ha-infobox-body\">\n\t\t\t<h2 class=\"ha-infobox-title\">CDE<\/h2>\n\t\t\t\t\t\t\t<div class=\"ha-infobox-text\">\n\t\t\t\t\t<p>Manuel M\u00e1rquez de Le\u00f3n e\/Josefa Ortiz y Lic. Primo Verdad, La Paz, Baja California Sur\n<\/p>\n\t\t\t\t<\/div>\n\t\t\t\n\t\t\t\t\t<\/div>\n\t\t\t\t<\/div>\n\t\t\t\t<\/div>\n\t\t\t\t\t<\/div>\n\t\t<\/div>\n\t\t\t\t<div class=\"elementor-column elementor-col-33 elementor-top-column elementor-element elementor-element-7b59c606\" data-id=\"7b59c606\" data-element_type=\"column\">\n\t\t\t<div class=\"elementor-widget-wrap elementor-element-populated\">\n\t\t\t\t\t\t\t\t<div class=\"elementor-element elementor-element-533523f8 ha-infobox-media-dir-top elementor-widget elementor-widget-ha-infobox happy-addon ha-infobox\" data-id=\"533523f8\" data-element_type=\"widget\" data-widget_type=\"ha-infobox.default\">\n\t\t\t\t<div class=\"elementor-widget-container\">\n\t\t\t\n\t\t\t\t\t<figure class=\"ha-infobox-figure ha-infobox-figure--icon\">\n\t\t\t\t<svg aria-hidden=\"true\" class=\"e-font-icon-svg e-fas-envelope\" viewBox=\"0 0 512 512\" xmlns=\"http:\/\/www.w3.org\/2000\/svg\"><path d=\"M502.3 190.8c3.9-3.1 9.7-.2 9.7 4.7V400c0 26.5-21.5 48-48 48H48c-26.5 0-48-21.5-48-48V195.6c0-5 5.7-7.8 9.7-4.7 22.4 17.4 52.1 39.5 154.1 113.6 21.1 15.4 56.7 47.8 92.2 47.6 35.7.3 72-32.8 92.3-47.6 102-74.1 131.6-96.3 154-113.7zM256 320c23.2.4 56.6-29.2 73.4-41.4 132.7-96.3 142.8-104.7 173.4-128.7 5.8-4.5 9.2-11.5 9.2-18.9v-19c0-26.5-21.5-48-48-48H48C21.5 64 0 85.5 0 112v19c0 7.4 3.4 14.3 9.2 18.9 30.6 23.9 40.7 32.4 173.4 128.7 16.8 12.2 50.2 41.8 73.4 41.4z\"><\/path><\/svg>\t\t\t<\/figure>\n\t\t\n\t\t<div class=\"ha-infobox-body\">\n\t\t\t<h2 class=\"ha-infobox-title\">Sitio web<\/h2>\n\t\t\t\t\t\t\t<div class=\"ha-infobox-text\">\n\t\t\t\t\t<p>https:\/\/panbcs.org\/<br>\n<\/br><\/p>\n\t\t\t\t<\/div>\n\t\t\t\n\t\t\t\t\t<\/div>\n\t\t\t\t<\/div>\n\t\t\t\t<\/div>\n\t\t\t\t\t<\/div>\n\t\t<\/div>\n\t\t\t\t<div class=\"elementor-column elementor-col-33 elementor-top-column elementor-element elementor-element-6ac3fafa\" data-id=\"6ac3fafa\" data-element_type=\"column\">\n\t\t\t<div class=\"elementor-widget-wrap elementor-element-populated\">\n\t\t\t\t\t\t\t\t<div class=\"elementor-element elementor-element-3d05b40 ha-infobox-media-dir-top elementor-widget elementor-widget-ha-infobox happy-addon ha-infobox\" data-id=\"3d05b40\" data-element_type=\"widget\" data-widget_type=\"ha-infobox.default\">\n\t\t\t\t<div class=\"elementor-widget-container\">\n\t\t\t\n\t\t\t\t\t<figure class=\"ha-infobox-figure ha-infobox-figure--icon\">\n\t\t\t\t<svg aria-hidden=\"true\" class=\"e-font-icon-svg e-fas-comments\" viewBox=\"0 0 576 512\" xmlns=\"http:\/\/www.w3.org\/2000\/svg\"><path d=\"M416 192c0-88.4-93.1-160-208-160S0 103.6 0 192c0 34.3 14.1 65.9 38 92-13.4 30.2-35.5 54.2-35.8 54.5-2.2 2.3-2.8 5.7-1.5 8.7S4.8 352 8 352c36.6 0 66.9-12.3 88.7-25 32.2 15.7 70.3 25 111.3 25 114.9 0 208-71.6 208-160zm122 220c23.9-26 38-57.7 38-92 0-66.9-53.5-124.2-129.3-148.1.9 6.6 1.3 13.3 1.3 20.1 0 105.9-107.7 192-240 192-10.8 0-21.3-.8-31.7-1.9C207.8 439.6 281.8 480 368 480c41 0 79.1-9.2 111.3-25 21.8 12.7 52.1 25 88.7 25 3.2 0 6.1-1.9 7.3-4.8 1.3-2.9.7-6.3-1.5-8.7-.3-.3-22.4-24.2-35.8-54.5z\"><\/path><\/svg>\t\t\t<\/figure>\n\t\t\n\t\t<div class=\"ha-infobox-body\">\n\t\t\t<h2 class=\"ha-infobox-title\">Conmutador<\/h2>\n\t\t\t\t\t\t\t<div class=\"ha-infobox-text\">\n\t\t\t\t\t<p>6121854389 y 6121227590<br>\n<\/p>\n\t\t\t\t<\/div>\n\t\t\t\n\t\t\t\t\t<\/div>\n\t\t\t\t<\/div>\n\t\t\t\t<\/div>\n\t\t\t\t\t<\/div>\n\t\t<\/div>\n\t\t\t\t\t\t\t<\/div>\n\t\t<\/section>\n\t\t\t\t\t\t\t<\/div>\n\t\t","protected":false},"excerpt":{"rendered":"<p>\u00a1Bienvenidos al Portal de Manuales Electr\u00f3nicos del PAN en Baja California Sur! Haz click en &#8220;Acceder&#8221; para consultar tu tema de inter\u00e9s. Aqu\u00ed encontrar\u00e1s una gu\u00eda completa y accesible para entender y explorar lo que significa ser ciudadano en M\u00e9xico. Nos hemos dedicado a desarrollar secciones pensadas especialmente para ti, donde podr\u00e1s descubrir desde c\u00f3mo &hellip;<\/p>\n<p class=\"read-more\"> <a class=\"\" href=\"https:\/\/manuales.electoralexperts.mx\/\"> <span class=\"screen-reader-text\">Inicio<\/span> Leer m\u00e1s &raquo;<\/a><\/p>\n","protected":false},"author":1,"featured_media":0,"parent":0,"menu_order":0,"comment_status":"closed","ping_status":"closed","template":"","meta":{"om_disable_all_campaigns":false,"_monsterinsights_skip_tracking":false,"_monsterinsights_sitenote_active":false,"_monsterinsights_sitenote_note":"","_monsterinsights_sitenote_category":0,"site-sidebar-layout":"no-sidebar","site-content-layout":"page-builder","ast-site-content-layout":"full-width-container","site-content-style":"default","site-sidebar-style":"default","ast-global-header-display":"","ast-banner-title-visibility":"","ast-main-header-display":"","ast-hfb-above-header-display":"","ast-hfb-below-header-display":"","ast-hfb-mobile-header-display":"","site-post-title":"disabled","ast-breadcrumbs-content":"","ast-featured-img":"disabled","footer-sml-layout":"","theme-transparent-header-meta":"","adv-header-id-meta":"","stick-header-meta":"","header-above-stick-meta":"","header-main-stick-meta":"","header-below-stick-meta":"","astra-migrate-meta-layouts":"set","ast-page-background-enabled":"default","ast-page-background-meta":{"desktop":{"background-color":"var(--ast-global-color-4)","background-image":"","background-repeat":"repeat","background-position":"center center","background-size":"auto","background-attachment":"scroll","background-type":"","background-media":"","overlay-type":"","overlay-color":"","overlay-gradient":""},"tablet":{"background-color":"","background-image":"","background-repeat":"repeat","background-position":"center center","background-size":"auto","background-attachment":"scroll","background-type":"","background-media":"","overlay-type":"","overlay-color":"","overlay-gradient":""},"mobile":{"background-color":"","background-image":"","background-repeat":"repeat","background-position":"center center","background-size":"auto","background-attachment":"scroll","background-type":"","background-media":"","overlay-type":"","overlay-color":"","overlay-gradient":""}},"ast-content-background-meta":{"desktop":{"background-color":"var(--ast-global-color-5)","background-image":"","background-repeat":"repeat","background-position":"center center","background-size":"auto","background-attachment":"scroll","background-type":"","background-media":"","overlay-type":"","overlay-color":"","overlay-gradient":""},"tablet":{"background-color":"var(--ast-global-color-5)","background-image":"","background-repeat":"repeat","background-position":"center center","background-size":"auto","background-attachment":"scroll","background-type":"","background-media":"","overlay-type":"","overlay-color":"","overlay-gradient":""},"mobile":{"background-color":"var(--ast-global-color-5)","background-image":"","background-repeat":"repeat","background-position":"center center","background-size":"auto","background-attachment":"scroll","background-type":"","background-media":"","overlay-type":"","overlay-color":"","overlay-gradient":""}},"footnotes":""},"class_list":["post-1530","page","type-page","status-publish","hentry"],"aioseo_notices":[],"_links":{"self":[{"href":"https:\/\/manuales.electoralexperts.mx\/index.php\/wp-json\/wp\/v2\/pages\/1530","targetHints":{"allow":["GET"]}}],"collection":[{"href":"https:\/\/manuales.electoralexperts.mx\/index.php\/wp-json\/wp\/v2\/pages"}],"about":[{"href":"https:\/\/manuales.electoralexperts.mx\/index.php\/wp-json\/wp\/v2\/types\/page"}],"author":[{"embeddable":true,"href":"https:\/\/manuales.electoralexperts.mx\/index.php\/wp-json\/wp\/v2\/users\/1"}],"replies":[{"embeddable":true,"href":"https:\/\/manuales.electoralexperts.mx\/index.php\/wp-json\/wp\/v2\/comments?post=1530"}],"version-history":[{"count":57,"href":"https:\/\/manuales.electoralexperts.mx\/index.php\/wp-json\/wp\/v2\/pages\/1530\/revisions"}],"predecessor-version":[{"id":1830,"href":"https:\/\/manuales.electoralexperts.mx\/index.php\/wp-json\/wp\/v2\/pages\/1530\/revisions\/1830"}],"wp:attachment":[{"href":"https:\/\/manuales.electoralexperts.mx\/index.php\/wp-json\/wp\/v2\/media?parent=1530"}],"curies":[{"name":"wp","href":"https:\/\/api.w.org\/{rel}","templated":true}]}}